{"id":3,"date":"2020-11-14T19:06:28","date_gmt":"2020-11-14T19:06:28","guid":{"rendered":"http:\/\/soporte.mega-invoice.com\/?page_id=3"},"modified":"2020-11-17T19:41:38","modified_gmt":"2020-11-18T01:41:38","slug":"privacy-policy","status":"publish","type":"page","link":"https:\/\/soporte.mega-invoice.com\/?page_id=3","title":{"rendered":"AVISO DE PRIVACIDAD"},"content":{"rendered":"\n<p><strong>MEGA INVOICE S. DE R.L.<\/strong>, con sede principal en PILARES #24 COL. DEL VALLE, M\u00c9XICO CDMX, CP. 03100 es el responsable de la protecci\u00f3n de sus datos personales, y al respecto le informa lo siguiente:<\/p>\n\n\n\n<p>Los datos personales que recabamos de usted, los utilizaremos para las siguientes finalidades que son necesarios para servicio que solicita:<\/p>\n\n\n\n<p><strong>A)<\/strong>&nbsp;Para dar de alta en nuestro sistema electr\u00f3nico los folios que Ud. haya requerido con sus datos de facturaci\u00f3n con arreglo a los art\u00edculos 29 y 29-A del C\u00f3digo Fiscal Federal.<\/p>\n\n\n\n<p><strong>B)<\/strong>&nbsp;Para corroborar la identidad del solicitante y su calidad de contribuyente debidamente registrado ante el SAT (Servicio de Administraci\u00f3n Tributaria).De manera adicional, utilizaremos informaci\u00f3n personal para las siguientes finalidades que no son necesarias para el servicio solicitado, pero que nos permiten y facilitan brindarle una mejor atenci\u00f3n:<\/p>\n\n\n\n<p><strong>C)<\/strong>&nbsp;Para ponernos en contacto con Ud. en caso de que alguna disposici\u00f3n fiscal cambie, afectando el formato de sus comprobantes fiscales.<\/p>\n\n\n\n<p><strong>D)<\/strong>&nbsp;Para hacerle saber cu\u00e1ndo estar\u00e1 pr\u00f3ximo un vencimiento en alguno de los paquetes contratados y ofrecerle la renovaci\u00f3n correspondiente del servicio por una sola ocasi\u00f3n.En caso de que no desee que sus datos personales sean tratados para estos fines adicionales con gusto omitiremos su utilizaci\u00f3n, por favor h\u00e1ganoslo saber al tel\u00e9fono&nbsp;<strong>55 56871090<\/strong>.Para llevar a cabo las finalidades descritas en el presente aviso de privacidad, utilizaremos los siguientes datos personales: nombre completo o raz\u00f3n social, domicilio fiscal, tel\u00e9fono, correo electr\u00f3nico para recibir notificaciones, certificado del sello digital del contribuyente as\u00ed como su firma electr\u00f3nica en caso de ser requerida.Para su tranquilidad le notificamos por este medio, que la informaci\u00f3n que Ud. nos proporcione, no ser\u00e1 compartida con ninguna otra empresa o compa\u00f1\u00eda.Ud. tiene derecho a conocer que datos personales tenemos de Ud., para que los utilizamos y las condiciones del uso que les damos. Asimismo, es su derecho solicitar la correcci\u00f3n de informaci\u00f3n personal en caso de que este desactualizada, sea inexacta o incompleta y que la eliminemos de nuestros registros o bases de datos cuando consider\u00e9 que la misma no est\u00e1 siendo utilizada conforme a los principios, deberes y obligaciones previstas en la normativa, as\u00ed como oponerse al uso de sus datos personales para fines espec\u00edficos. Estos derechos se conocen como derechos ARCO.Ud. puede revocar el consentimiento que, en su caso, nos haya otorgado para el tratamiento de sus datos personales. Sin embargo, es importante que tenga en cuenta que no todos los casos podremos atender su solicitud O concluir el uso de forma inmediata, ya que es posible que por alguna obligaci\u00f3n legal requiramos seguir tratando sus datos personales. As\u00ed mismo, usted deber\u00e1 considerar que para ciertos fines, la revocaci\u00f3n de su consentimiento implicar\u00e1 que no le podamos seguir prestando servicio que nos solicit\u00f3, o la conclusi\u00f3n de su relaci\u00f3n con nosotros.Para revocar su consentimiento simplemente deber\u00e1 solicitarlo mandando un correo electr\u00f3nico a la siguiente direcci\u00f3n:&nbsp;<strong>soporte3@mega-invoice.com<\/strong>Con objeto de que usted pueda limitar el uso y divulgaci\u00f3n de su informaci\u00f3n personal, le ofrecemos los siguientes medios: * Su inscripci\u00f3n en el Registro P\u00fablico para evitar publicidad, que est\u00e1 a cargo de la Procuradur\u00eda Federal del Consumidor, con la finalidad de que sus datos personales no sean utilizados para recibir publicidad o promociones de empresas de bienes o servicios. Para mayor informaci\u00f3n sobre este registro, usted puede consultar el portal Internet de la PROFECO, o bien ponerse en contacto directo con \u00e9sta.Le informamos que en nuestra p\u00e1gina de Internet utilizamos cookies, web beacons y otras tecnolog\u00edas a trav\u00e9s de las cuales es posible monitorear su comportamiento como usuario de Internet, con la finalidad de darle un mejor servicio y experiencia de usuario al navegar en esta p\u00e1gina, as\u00ed como ofrecerle nuevos productos y servicios basados en sus preferencias.Asimismo, le informamos que sus datos personales que sostengan a trav\u00e9s de estas tecnolog\u00edas, no ser\u00e1n compartidos con terceros.El presente aviso de privacidad puede sufrir modificaciones, cambios o actualizaciones derivadas de nuevos requerimientos legales; de nuestras propias necesidades por los productos o servicios que ofrecemos; de nuestras pr\u00e1cticas de privacidad; de cambios en nuestro modelo de negocio, o por otras causas. Nos comprometemos a mantenerlo informado sobre los cambios que pueda sufrir el presente aviso de privacidad, a trav\u00e9s de un comunicado v\u00eda correo electr\u00f3nico o su publicaci\u00f3n en nuestra p\u00e1gina de Internet.Si usted considera que su derecho a la protecci\u00f3n de sus datos personales ha sido lesionado por alguna conducta u omisi\u00f3n de nuestra parte, o presume alguna violaci\u00f3n a las disposiciones previstas en la ley Federal de Protecci\u00f3n de Datos Personales en Posesi\u00f3n de los Particulares, su reglamento y dem\u00e1s ordenamientos aplicables, podr\u00e1 interponer su inconformidad o denuncia ante el Instituto Federal de Acceso a la Informaci\u00f3n y Protecci\u00f3n de Datos (IFAI).Para mayor informaci\u00f3n le sugerimos visitar su p\u00e1gina oficial de Internet&nbsp;<a href=\"http:\/\/mega-invoice.com\/Aviso_de_Privacidad\/www.ifai.org.mx\">www.ifai.org.mx<\/a><\/p>\n","protected":false},"excerpt":{"rendered":"<p>MEGA INVOICE S. DE R.L., con sede principal en PILARES #24 COL. DEL VALLE, M\u00c9XICO CDMX, CP. 03100 es el responsable de la protecci\u00f3n de<\/p>\n","protected":false},"author":1,"featured_media":0,"parent":0,"menu_order":0,"comment_status":"closed","ping_status":"open","template":"","meta":{"editor_plus_copied_stylings":"{}","footnotes":""},"class_list":["post-3","page","type-page","status-publish","hentry"],"yoast_head":"<!-- This site is optimized with the Yoast SEO plugin v20.9 - https:\/\/yoast.com\/wordpress\/plugins\/seo\/ -->\n<title>AVISO DE PRIVACIDAD - Ayuda - Mega Invoice<\/title>\n<meta name=\"robots\" content=\"index, follow, max-snippet:-1, max-image-preview:large, max-video-preview:-1\" \/>\n<link rel=\"canonical\" href=\"https:\/\/soporte.mega-invoice.com\/?page_id=3\" \/>\n<meta property=\"og:locale\" content=\"es_MX\" \/>\n<meta property=\"og:type\" content=\"article\" \/>\n<meta property=\"og:title\" content=\"AVISO DE PRIVACIDAD - Ayuda - Mega Invoice\" \/>\n<meta property=\"og:description\" content=\"MEGA INVOICE S. DE R.L., con sede principal en PILARES #24 COL. DEL VALLE, M\u00c9XICO CDMX, CP. 03100 es el responsable de la protecci\u00f3n de\" \/>\n<meta property=\"og:url\" content=\"https:\/\/soporte.mega-invoice.com\/?page_id=3\" \/>\n<meta property=\"og:site_name\" content=\"Ayuda - Mega Invoice\" \/>\n<meta property=\"article:modified_time\" content=\"2020-11-18T01:41:38+00:00\" \/>\n<meta name=\"twitter:card\" content=\"summary_large_image\" \/>\n<meta name=\"twitter:label1\" content=\"Tiempo de lectura\" \/>\n\t<meta name=\"twitter:data1\" content=\"4 minutos\" \/>\n<script type=\"application\/ld+json\" class=\"yoast-schema-graph\">{\"@context\":\"https:\/\/schema.org\",\"@graph\":[{\"@type\":\"WebPage\",\"@id\":\"https:\/\/soporte.mega-invoice.com\/?page_id=3\",\"url\":\"https:\/\/soporte.mega-invoice.com\/?page_id=3\",\"name\":\"AVISO DE PRIVACIDAD - Ayuda - Mega Invoice\",\"isPartOf\":{\"@id\":\"https:\/\/soporte.mega-invoice.com\/#website\"},\"datePublished\":\"2020-11-14T19:06:28+00:00\",\"dateModified\":\"2020-11-18T01:41:38+00:00\",\"breadcrumb\":{\"@id\":\"https:\/\/soporte.mega-invoice.com\/?page_id=3#breadcrumb\"},\"inLanguage\":\"es\",\"potentialAction\":[{\"@type\":\"ReadAction\",\"target\":[\"https:\/\/soporte.mega-invoice.com\/?page_id=3\"]}]},{\"@type\":\"BreadcrumbList\",\"@id\":\"https:\/\/soporte.mega-invoice.com\/?page_id=3#breadcrumb\",\"itemListElement\":[{\"@type\":\"ListItem\",\"position\":1,\"name\":\"Inicio\",\"item\":\"https:\/\/soporte.mega-invoice.com\/\"},{\"@type\":\"ListItem\",\"position\":2,\"name\":\"AVISO DE PRIVACIDAD\"}]},{\"@type\":\"WebSite\",\"@id\":\"https:\/\/soporte.mega-invoice.com\/#website\",\"url\":\"https:\/\/soporte.mega-invoice.com\/\",\"name\":\"Ayuda - Mega Invoice\",\"description\":\"Facturaci\u00f3n electr\u00f3nica\",\"publisher\":{\"@id\":\"https:\/\/soporte.mega-invoice.com\/#organization\"},\"potentialAction\":[{\"@type\":\"SearchAction\",\"target\":{\"@type\":\"EntryPoint\",\"urlTemplate\":\"https:\/\/soporte.mega-invoice.com\/?s={search_term_string}\"},\"query-input\":\"required name=search_term_string\"}],\"inLanguage\":\"es\"},{\"@type\":\"Organization\",\"@id\":\"https:\/\/soporte.mega-invoice.com\/#organization\",\"name\":\"Ayuda - Mega Invoice\",\"url\":\"https:\/\/soporte.mega-invoice.com\/\",\"logo\":{\"@type\":\"ImageObject\",\"inLanguage\":\"es\",\"@id\":\"https:\/\/soporte.mega-invoice.com\/#\/schema\/logo\/image\/\",\"url\":\"https:\/\/soporte.mega-invoice.com\/wp-content\/uploads\/2021\/10\/cropped-4-4.png\",\"contentUrl\":\"https:\/\/soporte.mega-invoice.com\/wp-content\/uploads\/2021\/10\/cropped-4-4.png\",\"width\":86,\"height\":86,\"caption\":\"Ayuda - Mega Invoice\"},\"image\":{\"@id\":\"https:\/\/soporte.mega-invoice.com\/#\/schema\/logo\/image\/\"}}]}<\/script>\n<!-- \/ Yoast SEO plugin. -->","yoast_head_json":{"title":"AVISO DE PRIVACIDAD - Ayuda - Mega Invoice","robots":{"index":"index","follow":"follow","max-snippet":"max-snippet:-1","max-image-preview":"max-image-preview:large","max-video-preview":"max-video-preview:-1"},"canonical":"https:\/\/soporte.mega-invoice.com\/?page_id=3","og_locale":"es_MX","og_type":"article","og_title":"AVISO DE PRIVACIDAD - Ayuda - Mega Invoice","og_description":"MEGA INVOICE S. DE R.L., con sede principal en PILARES #24 COL. DEL VALLE, M\u00c9XICO CDMX, CP. 03100 es el responsable de la protecci\u00f3n de","og_url":"https:\/\/soporte.mega-invoice.com\/?page_id=3","og_site_name":"Ayuda - Mega Invoice","article_modified_time":"2020-11-18T01:41:38+00:00","twitter_card":"summary_large_image","twitter_misc":{"Tiempo de lectura":"4 minutos"},"schema":{"@context":"https:\/\/schema.org","@graph":[{"@type":"WebPage","@id":"https:\/\/soporte.mega-invoice.com\/?page_id=3","url":"https:\/\/soporte.mega-invoice.com\/?page_id=3","name":"AVISO DE PRIVACIDAD - Ayuda - Mega Invoice","isPartOf":{"@id":"https:\/\/soporte.mega-invoice.com\/#website"},"datePublished":"2020-11-14T19:06:28+00:00","dateModified":"2020-11-18T01:41:38+00:00","breadcrumb":{"@id":"https:\/\/soporte.mega-invoice.com\/?page_id=3#breadcrumb"},"inLanguage":"es","potentialAction":[{"@type":"ReadAction","target":["https:\/\/soporte.mega-invoice.com\/?page_id=3"]}]},{"@type":"BreadcrumbList","@id":"https:\/\/soporte.mega-invoice.com\/?page_id=3#breadcrumb","itemListElement":[{"@type":"ListItem","position":1,"name":"Inicio","item":"https:\/\/soporte.mega-invoice.com\/"},{"@type":"ListItem","position":2,"name":"AVISO DE PRIVACIDAD"}]},{"@type":"WebSite","@id":"https:\/\/soporte.mega-invoice.com\/#website","url":"https:\/\/soporte.mega-invoice.com\/","name":"Ayuda - Mega Invoice","description":"Facturaci\u00f3n electr\u00f3nica","publisher":{"@id":"https:\/\/soporte.mega-invoice.com\/#organization"},"potentialAction":[{"@type":"SearchAction","target":{"@type":"EntryPoint","urlTemplate":"https:\/\/soporte.mega-invoice.com\/?s={search_term_string}"},"query-input":"required name=search_term_string"}],"inLanguage":"es"},{"@type":"Organization","@id":"https:\/\/soporte.mega-invoice.com\/#organization","name":"Ayuda - Mega Invoice","url":"https:\/\/soporte.mega-invoice.com\/","logo":{"@type":"ImageObject","inLanguage":"es","@id":"https:\/\/soporte.mega-invoice.com\/#\/schema\/logo\/image\/","url":"https:\/\/soporte.mega-invoice.com\/wp-content\/uploads\/2021\/10\/cropped-4-4.png","contentUrl":"https:\/\/soporte.mega-invoice.com\/wp-content\/uploads\/2021\/10\/cropped-4-4.png","width":86,"height":86,"caption":"Ayuda - Mega Invoice"},"image":{"@id":"https:\/\/soporte.mega-invoice.com\/#\/schema\/logo\/image\/"}}]}},"_links":{"self":[{"href":"https:\/\/soporte.mega-invoice.com\/index.php?rest_route=\/wp\/v2\/pages\/3","targetHints":{"allow":["GET"]}}],"collection":[{"href":"https:\/\/soporte.mega-invoice.com\/index.php?rest_route=\/wp\/v2\/pages"}],"about":[{"href":"https:\/\/soporte.mega-invoice.com\/index.php?rest_route=\/wp\/v2\/types\/page"}],"author":[{"embeddable":true,"href":"https:\/\/soporte.mega-invoice.com\/index.php?rest_route=\/wp\/v2\/users\/1"}],"replies":[{"embeddable":true,"href":"https:\/\/soporte.mega-invoice.com\/index.php?rest_route=%2Fwp%2Fv2%2Fcomments&post=3"}],"version-history":[{"count":1,"href":"https:\/\/soporte.mega-invoice.com\/index.php?rest_route=\/wp\/v2\/pages\/3\/revisions"}],"predecessor-version":[{"id":52,"href":"https:\/\/soporte.mega-invoice.com\/index.php?rest_route=\/wp\/v2\/pages\/3\/revisions\/52"}],"wp:attachment":[{"href":"https:\/\/soporte.mega-invoice.com\/index.php?rest_route=%2Fwp%2Fv2%2Fmedia&parent=3"}],"curies":[{"name":"wp","href":"https:\/\/api.w.org\/{rel}","templated":true}]}}